{"id":37,"date":"2018-02-23T17:03:13","date_gmt":"2018-02-23T17:03:13","guid":{"rendered":"https:\/\/cad-studio-kempe.de\/?page_id=37"},"modified":"2023-01-10T20:08:13","modified_gmt":"2023-01-10T20:08:13","slug":"startseite","status":"publish","type":"page","link":"https:\/\/cad-studio-kempe.de\/","title":{"rendered":"Startseite"},"content":{"rendered":"<h1 style=\"text-align: center;\" align=\"center\">Das CAD &#8211; Systemhaus seit\u00a01989<\/h1>\n<h3 style=\"text-align: center;\" align=\"center\">Gef\u00fchrt von Dr. &#8211; Ing. Rainer Kempe<\/h3>\n<p style=\"text-align: center;\"><img loading=\"lazy\" decoding=\"async\" class=\"alignnone wp-image-293\" src=\"https:\/\/cad-studio-kempe.de\/wp-content\/uploads\/2023\/01\/Gewaechshaus-300x225.jpeg\" alt=\"\" width=\"600\" height=\"449\" srcset=\"https:\/\/cad-studio-kempe.de\/wp-content\/uploads\/2023\/01\/Gewaechshaus-300x225.jpeg 300w, https:\/\/cad-studio-kempe.de\/wp-content\/uploads\/2023\/01\/Gewaechshaus-768x575.jpeg 768w, https:\/\/cad-studio-kempe.de\/wp-content\/uploads\/2023\/01\/Gewaechshaus-600x449.jpeg 600w, https:\/\/cad-studio-kempe.de\/wp-content\/uploads\/2023\/01\/Gewaechshaus-945x708.jpeg 945w, https:\/\/cad-studio-kempe.de\/wp-content\/uploads\/2023\/01\/Gewaechshaus.jpeg 1024w\" sizes=\"auto, (max-width: 600px) 100vw, 600px\" \/><\/p>\n<p style=\"text-align: center;\"><strong>Speziall\u00f6sungen f\u00fcr den Stahl- und Metallbau auf Basis MegaCAD.<\/strong><\/p>\n<p style=\"text-align: center;\">\u00a0\n<table id=\"tablepress-1\" class=\"tablepress tablepress-id-1\">\n<tbody>\n<tr class=\"row-1\">\n\t<td class=\"column-1\">T\u00e4tigkeitsschwerpunkte:<\/td><td class=\"column-2\">\tBranchen:<\/td>\n<\/tr>\n<tr class=\"row-2\">\n\t<td class=\"column-1\">Entwicklung und Vertrieb von CAD-L\u00f6sungen f\u00fcr den Stahl-<br \/>\nund Metallbau auf Basis von MegaCAD<\/td><td class=\"column-2\">Maschinenbau<\/td>\n<\/tr>\n<tr class=\"row-3\">\n\t<td class=\"column-1\">Durchf\u00fchrung individueller MegaCAD-Schulungen<\/td><td class=\"column-2\">Stahlbau<\/td>\n<\/tr>\n<tr class=\"row-4\">\n\t<td class=\"column-1\">MegaCAD - Schulungen<\/td><td class=\"column-2\">Metallbau<\/td>\n<\/tr>\n<tr class=\"row-5\">\n\t<td class=\"column-1\">Spezialsoftware<\/td><td class=\"column-2\"><\/td>\n<\/tr>\n<\/tbody>\n<\/table>\n<!-- #tablepress-1 from cache --><\/p>\n<p style=\"text-align: center;\"><strong>Spezialentwicklungen f\u00fcr:<\/strong><\/p>\n<p style=\"text-align: center;\">\n<table id=\"tablepress-2\" class=\"tablepress tablepress-id-2\">\n<tbody>\n<tr class=\"row-1\">\n\t<td class=\"column-1\">Stahlbau<\/td><td class=\"column-2\">Metallbau<\/td>\n<\/tr>\n<\/tbody>\n<\/table>\n<!-- #tablepress-2 from cache --><\/p>\n","protected":false},"excerpt":{"rendered":"<p>Das CAD &#8211; Systemhaus seit\u00a01989 Gef\u00fchrt von Dr. &#8211; Ing. Rainer Kempe Speziall\u00f6sungen f\u00fcr den Stahl- und Metallbau auf Basis MegaCAD. \u00a0 Spezialentwicklungen f\u00fcr:<\/p>\n","protected":false},"author":2,"featured_media":0,"parent":0,"menu_order":0,"comment_status":"closed","ping_status":"closed","template":"template-nosidebar.php","meta":{"footnotes":""},"class_list":["post-37","page","type-page","status-publish","hentry"],"_links":{"self":[{"href":"https:\/\/cad-studio-kempe.de\/index.php?rest_route=\/wp\/v2\/pages\/37","targetHints":{"allow":["GET"]}}],"collection":[{"href":"https:\/\/cad-studio-kempe.de\/index.php?rest_route=\/wp\/v2\/pages"}],"about":[{"href":"https:\/\/cad-studio-kempe.de\/index.php?rest_route=\/wp\/v2\/types\/page"}],"author":[{"embeddable":true,"href":"https:\/\/cad-studio-kempe.de\/index.php?rest_route=\/wp\/v2\/users\/2"}],"replies":[{"embeddable":true,"href":"https:\/\/cad-studio-kempe.de\/index.php?rest_route=%2Fwp%2Fv2%2Fcomments&post=37"}],"version-history":[{"count":7,"href":"https:\/\/cad-studio-kempe.de\/index.php?rest_route=\/wp\/v2\/pages\/37\/revisions"}],"predecessor-version":[{"id":295,"href":"https:\/\/cad-studio-kempe.de\/index.php?rest_route=\/wp\/v2\/pages\/37\/revisions\/295"}],"wp:attachment":[{"href":"https:\/\/cad-studio-kempe.de\/index.php?rest_route=%2Fwp%2Fv2%2Fmedia&parent=37"}],"curies":[{"name":"wp","href":"https:\/\/api.w.org\/{rel}","templated":true}]}}