{"id":101,"date":"2018-04-26T06:53:24","date_gmt":"2018-04-26T06:53:24","guid":{"rendered":"https:\/\/cad-studio-kempe.de\/?page_id=101"},"modified":"2018-04-26T08:04:09","modified_gmt":"2018-04-26T08:04:09","slug":"schnittstellen","status":"publish","type":"page","link":"https:\/\/cad-studio-kempe.de\/?page_id=101","title":{"rendered":"Schnittstellen"},"content":{"rendered":"<h4 align=\"justify\">Reibungsloser Datenaustausch mit allen g\u00e4ngigen Systemen<\/h4>\n<p align=\"justify\"><strong>Reibungslose Integration in ein bestehendes CAX Umfeld durch ausgereifte Schnittstellen<\/strong><\/p>\n<p align=\"justify\">Mit Hilfe der 3D Konverter k\u00f6nnen MegaCAD Anwender 3D Modelle einlesen, die mit anderen CAD Systemen erstellt wurden, um diese dann mit dem gewohnten Komfort in MegaCAD zu bearbeiten. Die fertige Konstruktion kann dann wieder an das Zielsystem des Kunden \u00fcbertragen werden.<\/p>\n<p align=\"justify\">MegaCAD pr\u00e4sentiert sich dadurch als ideale Erg\u00e4nzung zu vorhandenen High-End-CAD-Systemen. Anschaffungskosten und Schulungsaufwand f\u00fcr diese Programme stehen in vielen F\u00e4llen in keinem Verh\u00e4ltnis zu der zu l\u00f6senden Konstruktionsaufgabe. Dank ausgereifter Schnittstellen ist die Integration von MegaCAD auch in ein bestehendes CAD-CAM-Umfeld problemlos m\u00f6glich.<\/p>\n<p align=\"justify\">Zu diesem Zweck stehen alle g\u00e4ngigen Schnittstellen zur Verf\u00fcgung:<br \/>\nDie MegaCAD Direktschnittstellen erm\u00f6glichen den Import und Export von CATIA 4 und 5 Daten sowie den Import von Inventor und Pro\/ENGINEER Dateien. Mit der CATIA Schnittstelle hat sich MegaCAD gerade auch unter den Automobilzulieferern eine festen Platz erobert.<br \/>\n\u00dcber das SAT (ACIS) Format wird der direkte, verlustfreie Datenaustausch mit \u00fcber 250 CAD\/CAM Applikationen garantiert, die wie MegaCAD 3D auf dem ACIS Kern basieren.<br \/>\nMit MegaCAD 3D k\u00f6nnen zudem AutoCAD 3D Modelle (DXF\/DWG) direkt eingelesen und weiterbearbeitet werden. Dieses Feature unterscheidet MegaCAD von vielen Mitbewerbern.<br \/>\nDer Anwender kann des weiteren auf neutrale Formate wie IGES, STEP, STL oder VDAFS zur\u00fcckgreifen.<br \/>\nDie mit jeder MegaCAD 3D Version m\u00f6gliche Ausgabe von STL-Dateien bildet die Grundlage f\u00fcr die Herstellung der mit MegaCAD erstellten 3D Modelle mittels diverser Rapid Prototyping Verfahren wie Stereolithographie, Fused Deposition Modeling (FDM), Lasersintern usw. Der optional erh\u00e4ltliche STL Konverter erm\u00f6glicht auch den Import solcher Dateien.<br \/>\nMegaCAD 3D Modelle k\u00f6nnen \u00fcber die VRML Ausgabe auch f\u00fcr eine Pr\u00e4sentation im Internet genutzt werden.<\/p>\n<h2 class=\"csc-header csc-header-n2\" align=\"justify\">Die Dateiformate im Einzelnen:<\/h2>\n<div align=\"justify\">\n<table class=\"contenttable contenttable-0 customTableFeatures\" border=\"0\">\n<tbody>\n<tr class=\"tr-even tr-0\">\n<td class=\"td-0\"><strong>SAT und SAB<br \/>\n(ACIS 1.6\u201322)<\/strong><\/td>\n<td class=\"td-last td-1\">Import und Export von K\u00f6rpern, Fl\u00e4chen und 3D Splines.<\/td>\n<\/tr>\n<tr class=\"tr-odd tr-1\">\n<td class=\"td-0\"><strong>VDA-FS<\/strong><\/td>\n<td class=\"td-last td-1\">Import und Export von Fl\u00e4chenmodellen in den Formaten 1.0 und 2.0<\/td>\n<\/tr>\n<tr class=\"tr-even tr-2\">\n<td class=\"td-0\"><strong>IGES 2D+3D<\/strong><\/td>\n<td class=\"td-last td-1\">Import und Export von Fl\u00e4chen (Trimmed Surface) und Volumenmodellen (Manifold Solid B-rep Objects) im Format 5.3 inkl. aller 2D Daten und 3D Assembly Strukturen.<\/td>\n<\/tr>\n<tr class=\"tr-odd tr-3\">\n<td class=\"td-0\"><strong>IGES 2D<\/strong><\/td>\n<td class=\"td-last td-1\">Import und Export<\/td>\n<\/tr>\n<tr class=\"tr-even tr-4\">\n<td class=\"td-0\"><strong>STEP<\/strong><\/td>\n<td class=\"td-last td-1\">AP203 (Import und Export) Allgemeiner Maschinenbau<br \/>\nAP214 (Import und Export) Automotive Design<\/td>\n<\/tr>\n<tr class=\"tr-odd tr-5\">\n<td class=\"td-0\"><strong>CATIA 4<\/strong><\/td>\n<td class=\"td-last td-1\">*.MOD und *.EXP<br \/>\nImport der Formate 4.1.x und 4.2.x<br \/>\nExport im Format 4.2.4<\/td>\n<\/tr>\n<tr class=\"tr-even tr-6\">\n<td class=\"td-0\"><strong>CATIA 5<\/strong><\/td>\n<td class=\"td-last td-1\">Import und Export bis einschl. CATIA 5 R21<\/td>\n<\/tr>\n<tr class=\"tr-odd tr-7\">\n<td class=\"td-0\"><strong>Pro\/E<\/strong><\/td>\n<td class=\"td-last td-1\">Import der Revisionen 16 bis Wildfire 5<\/td>\n<\/tr>\n<tr class=\"tr-even tr-8\">\n<td class=\"td-0\"><strong>STL<\/strong><\/td>\n<td class=\"td-last td-1\">Import mit Healingfunktion<br \/>\nExport mit diversen Einstelloptionen<\/td>\n<\/tr>\n<tr class=\"tr-odd tr-9\">\n<td class=\"td-0\"><strong>DWG\/DXF (2D+3D)<\/strong><\/td>\n<td class=\"td-last td-1\">Import und Export (ACAD 12 bis 2012)<br \/>\nMDT Proxi-Elemente<br \/>\nK\u00f6rper (eingebettete SAT Dateien)<br \/>\nFl\u00e4chen (neuer Algorithmus mit optimierter Speicherverwaltung von Dreiecksfl\u00e4chen aus \u00e4lteren AutoCAD Versionen)<br \/>\nModell- und Layoutbereiche<\/td>\n<\/tr>\n<tr class=\"tr-even tr-10\">\n<td class=\"td-0\"><strong>VRM<\/strong><\/td>\n<td class=\"td-last td-1\">Export im Format 1.0 (nur Geometrie )<\/td>\n<\/tr>\n<tr class=\"tr-odd tr-11\">\n<td class=\"td-0\"><strong>WMF<\/strong><\/td>\n<td class=\"td-last td-1\">Export und Import von Windows Meta File Daten (Vektorgraphik und Bitmaps)<\/td>\n<\/tr>\n<tr class=\"tr-even tr-12\">\n<td class=\"td-0\"><strong>BMP<\/strong><\/td>\n<td class=\"td-last td-1\">Export und Import von diversen Bitmapformaten (BMP, PCX, TIFF, JPEG etc.)<\/td>\n<\/tr>\n<tr class=\"tr-odd tr-13\">\n<td class=\"td-0\"><strong>HPGL<\/strong><\/td>\n<td class=\"td-last td-1\">Import und Export im Format 1.0<\/td>\n<\/tr>\n<tr class=\"tr-even tr-14\">\n<td class=\"td-0\"><strong>CDL (2D+3D)<\/strong><\/td>\n<td class=\"td-last td-1\">Export und Import von Geometriedaten als ASCII Datei.<\/td>\n<\/tr>\n<tr class=\"tr-odd tr-last\">\n<td class=\"td-0\"><strong>ACESS<\/strong><\/td>\n<td class=\"td-last td-1\">Export und Import von 2D Zeichnungen als MDB (Access) Datei.<\/td>\n<\/tr>\n<\/tbody>\n<\/table>\n<\/div>\n<div class=\"csc-header csc-header-n3\" align=\"justify\">\n<h4>Alle Konverter setzen eine aktuelle MegaCAD Version voraus!<\/h4>\n<\/div>\n","protected":false},"excerpt":{"rendered":"<p>Reibungsloser Datenaustausch mit allen g\u00e4ngigen Systemen Reibungslose Integration in ein bestehendes CAX Umfeld durch ausgereifte Schnittstellen Mit Hilfe der 3D Konverter k\u00f6nnen MegaCAD Anwender 3D Modelle einlesen, die mit anderen CAD Systemen erstellt wurden, um diese dann mit dem gewohnten&#8230; <a class=\"more-link\" href=\"https:\/\/cad-studio-kempe.de\/?page_id=101\">Weiterlesen &rarr;<\/a><\/p>\n","protected":false},"author":2,"featured_media":0,"parent":78,"menu_order":0,"comment_status":"closed","ping_status":"closed","template":"template-nosidebar.php","meta":{"footnotes":""},"class_list":["post-101","page","type-page","status-publish","hentry"],"_links":{"self":[{"href":"https:\/\/cad-studio-kempe.de\/index.php?rest_route=\/wp\/v2\/pages\/101","targetHints":{"allow":["GET"]}}],"collection":[{"href":"https:\/\/cad-studio-kempe.de\/index.php?rest_route=\/wp\/v2\/pages"}],"about":[{"href":"https:\/\/cad-studio-kempe.de\/index.php?rest_route=\/wp\/v2\/types\/page"}],"author":[{"embeddable":true,"href":"https:\/\/cad-studio-kempe.de\/index.php?rest_route=\/wp\/v2\/users\/2"}],"replies":[{"embeddable":true,"href":"https:\/\/cad-studio-kempe.de\/index.php?rest_route=%2Fwp%2Fv2%2Fcomments&post=101"}],"version-history":[{"count":2,"href":"https:\/\/cad-studio-kempe.de\/index.php?rest_route=\/wp\/v2\/pages\/101\/revisions"}],"predecessor-version":[{"id":113,"href":"https:\/\/cad-studio-kempe.de\/index.php?rest_route=\/wp\/v2\/pages\/101\/revisions\/113"}],"up":[{"embeddable":true,"href":"https:\/\/cad-studio-kempe.de\/index.php?rest_route=\/wp\/v2\/pages\/78"}],"wp:attachment":[{"href":"https:\/\/cad-studio-kempe.de\/index.php?rest_route=%2Fwp%2Fv2%2Fmedia&parent=101"}],"curies":[{"name":"wp","href":"https:\/\/api.w.org\/{rel}","templated":true}]}}